{"id":9502,"date":"2022-05-16T09:49:56","date_gmt":"2022-05-16T07:49:56","guid":{"rendered":"https:\/\/www.aurora-sterilisation.com\/contact\/"},"modified":"2022-07-27T14:01:10","modified_gmt":"2022-07-27T12:01:10","slug":"contact","status":"publish","type":"page","link":"https:\/\/www.aurora-sterilisation.com\/en\/contact\/","title":{"rendered":"Contact"},"content":{"rendered":"\t\t<div data-elementor-type=\"wp-page\" data-elementor-id=\"9502\" class=\"elementor elementor-9502 elementor-8954\">\n\t\t\t\t\t\t<section class=\"elementor-section elementor-top-section elementor-element elementor-element-19ac99e elementor-section-boxed elementor-section-height-default elementor-section-height-default\" data-id=\"19ac99e\" data-element_type=\"section\" data-e-type=\"section\" data-settings=\"{&quot;jet_parallax_layout_list&quot;:[{&quot;jet_parallax_layout_image&quot;:{&quot;url&quot;:&quot;&quot;,&quot;id&quot;:&quot;&quot;,&quot;size&quot;:&quot;&quot;},&quot;_id&quot;:&quot;253c0f6&quot;,&quot;jet_parallax_layout_image_tablet&quot;:{&quot;url&quot;:&quot;&quot;,&quot;id&quot;:&quot;&quot;,&quot;size&quot;:&quot;&quot;},&quot;jet_parallax_layout_image_mobile&quot;:{&quot;url&quot;:&quot;&quot;,&quot;id&quot;:&quot;&quot;,&quot;size&quot;:&quot;&quot;},&quot;jet_parallax_layout_speed&quot;:{&quot;unit&quot;:&quot;%&quot;,&quot;size&quot;:50,&quot;sizes&quot;:[]},&quot;jet_parallax_layout_type&quot;:&quot;scroll&quot;,&quot;jet_parallax_layout_direction&quot;:&quot;1&quot;,&quot;jet_parallax_layout_fx_direction&quot;:null,&quot;jet_parallax_layout_z_index&quot;:&quot;&quot;,&quot;jet_parallax_layout_bg_x&quot;:50,&quot;jet_parallax_layout_bg_x_tablet&quot;:&quot;&quot;,&quot;jet_parallax_layout_bg_x_mobile&quot;:&quot;&quot;,&quot;jet_parallax_layout_bg_y&quot;:50,&quot;jet_parallax_layout_bg_y_tablet&quot;:&quot;&quot;,&quot;jet_parallax_layout_bg_y_mobile&quot;:&quot;&quot;,&quot;jet_parallax_layout_bg_size&quot;:&quot;auto&quot;,&quot;jet_parallax_layout_bg_size_tablet&quot;:&quot;&quot;,&quot;jet_parallax_layout_bg_size_mobile&quot;:&quot;&quot;,&quot;jet_parallax_layout_animation_prop&quot;:&quot;transform&quot;,&quot;jet_parallax_layout_on&quot;:[&quot;desktop&quot;,&quot;tablet&quot;]}],&quot;background_background&quot;:&quot;classic&quot;}\">\n\t\t\t\t\t\t<div class=\"elementor-container elementor-column-gap-default\">\n\t\t\t\t\t<div class=\"elementor-column elementor-col-50 elementor-top-column elementor-element elementor-element-8107f52\" data-id=\"8107f52\" data-element_type=\"column\" data-e-type=\"column\">\n\t\t\t<div class=\"elementor-widget-wrap elementor-element-populated\">\n\t\t\t\t\t\t<div class=\"elementor-element elementor-element-756bec4 elementor-widget elementor-widget-heading\" data-id=\"756bec4\" data-element_type=\"widget\" data-e-type=\"widget\" data-widget_type=\"heading.default\">\n\t\t\t\t<div class=\"elementor-widget-container\">\n\t\t\t\t\t<h2 class=\"elementor-heading-title elementor-size-default\">Contact us !<\/h2>\t\t\t\t<\/div>\n\t\t\t\t<\/div>\n\t\t\t\t<div class=\"elementor-element elementor-element-6cc1b6d elementor-widget-divider--view-line elementor-widget elementor-widget-divider\" data-id=\"6cc1b6d\" data-element_type=\"widget\" data-e-type=\"widget\" data-widget_type=\"divider.default\">\n\t\t\t\t<div class=\"elementor-widget-container\">\n\t\t\t\t\t\t\t<div class=\"elementor-divider\">\n\t\t\t<span class=\"elementor-divider-separator\">\n\t\t\t\t\t\t<\/span>\n\t\t<\/div>\n\t\t\t\t\t\t<\/div>\n\t\t\t\t<\/div>\n\t\t\t\t<div class=\"elementor-element elementor-element-d50e950 elementor-position-left elementor-vertical-align-top elementor-widget elementor-widget-image-box\" data-id=\"d50e950\" data-element_type=\"widget\" data-e-type=\"widget\" data-widget_type=\"image-box.default\">\n\t\t\t\t<div class=\"elementor-widget-container\">\n\t\t\t\t\t<div class=\"elementor-image-box-wrapper\"><figure class=\"elementor-image-box-img\"><img decoding=\"async\" width=\"50\" height=\"50\" src=\"https:\/\/www.aurora-sterilisation.com\/wp-content\/uploads\/2017\/11\/contacts-icon-1.png\" class=\"attachment-full size-full wp-image-8681\" alt=\"\" \/><\/figure><div class=\"elementor-image-box-content\"><h3 class=\"elementor-image-box-title\">Phone<\/h3><p class=\"elementor-image-box-description\"><a href=\"tel:+33646244049\">06 46 24 40 49<\/a><\/p><\/div><\/div>\t\t\t\t<\/div>\n\t\t\t\t<\/div>\n\t\t\t\t<div class=\"elementor-element elementor-element-b27f2d7 elementor-position-left elementor-vertical-align-top elementor-widget elementor-widget-image-box\" data-id=\"b27f2d7\" data-element_type=\"widget\" data-e-type=\"widget\" data-widget_type=\"image-box.default\">\n\t\t\t\t<div class=\"elementor-widget-container\">\n\t\t\t\t\t<div class=\"elementor-image-box-wrapper\"><figure class=\"elementor-image-box-img\"><img decoding=\"async\" width=\"50\" height=\"50\" src=\"https:\/\/www.aurora-sterilisation.com\/wp-content\/uploads\/2017\/11\/contacts-icon-2.png\" class=\"attachment-full size-full wp-image-8682\" alt=\"\" \/><\/figure><div class=\"elementor-image-box-content\"><h3 class=\"elementor-image-box-title\">Email<\/h3><p class=\"elementor-image-box-description\"><a href=\"mailto:contact@aurora-sterilisation.com\">contact@aurora-sterilisation.com<\/a><\/p><\/div><\/div>\t\t\t\t<\/div>\n\t\t\t\t<\/div>\n\t\t\t\t<div class=\"elementor-element elementor-element-58a7f0f elementor-position-left elementor-vertical-align-top elementor-widget elementor-widget-image-box\" data-id=\"58a7f0f\" data-element_type=\"widget\" data-e-type=\"widget\" data-widget_type=\"image-box.default\">\n\t\t\t\t<div class=\"elementor-widget-container\">\n\t\t\t\t\t<div class=\"elementor-image-box-wrapper\"><figure class=\"elementor-image-box-img\"><img decoding=\"async\" width=\"50\" height=\"50\" src=\"https:\/\/www.aurora-sterilisation.com\/wp-content\/uploads\/2017\/11\/contacts-icon-3.png\" class=\"attachment-full size-full wp-image-8683\" alt=\"\" \/><\/figure><div class=\"elementor-image-box-content\"><h3 class=\"elementor-image-box-title\">Address<\/h3><p class=\"elementor-image-box-description\">177, boulevard de l'Yser<br>\n76000 Rouen<\/p><\/div><\/div>\t\t\t\t<\/div>\n\t\t\t\t<\/div>\n\t\t\t\t\t<\/div>\n\t\t<\/div>\n\t\t\t\t<div class=\"elementor-column elementor-col-50 elementor-top-column elementor-element elementor-element-6ba85f1\" data-id=\"6ba85f1\" data-element_type=\"column\" data-e-type=\"column\">\n\t\t\t<div class=\"elementor-widget-wrap\">\n\t\t\t\t\t\t\t<\/div>\n\t\t<\/div>\n\t\t\t\t\t<\/div>\n\t\t<\/section>\n\t\t\t\t<section class=\"elementor-section elementor-top-section elementor-element elementor-element-67c05b1 elementor-section-full_width elementor-section-height-default elementor-section-height-default\" data-id=\"67c05b1\" data-element_type=\"section\" data-e-type=\"section\" data-settings=\"{&quot;jet_parallax_layout_list&quot;:[{&quot;jet_parallax_layout_image&quot;:{&quot;url&quot;:&quot;&quot;,&quot;id&quot;:&quot;&quot;,&quot;size&quot;:&quot;&quot;},&quot;_id&quot;:&quot;0a7e8a0&quot;,&quot;jet_parallax_layout_image_tablet&quot;:{&quot;url&quot;:&quot;&quot;,&quot;id&quot;:&quot;&quot;,&quot;size&quot;:&quot;&quot;},&quot;jet_parallax_layout_image_mobile&quot;:{&quot;url&quot;:&quot;&quot;,&quot;id&quot;:&quot;&quot;,&quot;size&quot;:&quot;&quot;},&quot;jet_parallax_layout_speed&quot;:{&quot;unit&quot;:&quot;%&quot;,&quot;size&quot;:50,&quot;sizes&quot;:[]},&quot;jet_parallax_layout_type&quot;:&quot;scroll&quot;,&quot;jet_parallax_layout_direction&quot;:&quot;1&quot;,&quot;jet_parallax_layout_fx_direction&quot;:null,&quot;jet_parallax_layout_z_index&quot;:&quot;&quot;,&quot;jet_parallax_layout_bg_x&quot;:50,&quot;jet_parallax_layout_bg_x_tablet&quot;:&quot;&quot;,&quot;jet_parallax_layout_bg_x_mobile&quot;:&quot;&quot;,&quot;jet_parallax_layout_bg_y&quot;:50,&quot;jet_parallax_layout_bg_y_tablet&quot;:&quot;&quot;,&quot;jet_parallax_layout_bg_y_mobile&quot;:&quot;&quot;,&quot;jet_parallax_layout_bg_size&quot;:&quot;auto&quot;,&quot;jet_parallax_layout_bg_size_tablet&quot;:&quot;&quot;,&quot;jet_parallax_layout_bg_size_mobile&quot;:&quot;&quot;,&quot;jet_parallax_layout_animation_prop&quot;:&quot;transform&quot;,&quot;jet_parallax_layout_on&quot;:[&quot;desktop&quot;,&quot;tablet&quot;]}]}\">\n\t\t\t\t\t\t<div class=\"elementor-container elementor-column-gap-default\">\n\t\t\t\t\t<div class=\"elementor-column elementor-col-50 elementor-top-column elementor-element elementor-element-ed4d666\" data-id=\"ed4d666\" data-element_type=\"column\" data-e-type=\"column\" data-settings=\"{&quot;background_background&quot;:&quot;classic&quot;}\">\n\t\t\t<div class=\"elementor-widget-wrap elementor-element-populated\">\n\t\t\t\t\t\t<div class=\"elementor-element elementor-element-4db9837 elementor-widget elementor-widget-text-editor\" data-id=\"4db9837\" data-element_type=\"widget\" data-e-type=\"widget\" data-widget_type=\"text-editor.default\">\n\t\t\t\t<div class=\"elementor-widget-container\">\n\t\t\t\t\t\t\t\t\tAurora answers your questions. Leave us a message! It will only take you a few minutes to complete this form.\t\t\t\t\t\t\t\t<\/div>\n\t\t\t\t<\/div>\n\t\t\t\t<div class=\"elementor-element elementor-element-82517c7 elementor-widget elementor-widget-contact-form-7\" data-id=\"82517c7\" data-element_type=\"widget\" data-e-type=\"widget\" data-widget_type=\"contact-form-7.default\">\n\t\t\t\t<div class=\"elementor-widget-container\">\n\t\t\t\t\t<div class=\"elementor-contact-form-7 jet-elements\">\n<div class=\"wpcf7 no-js\" id=\"wpcf7-f9528-o1\" lang=\"en-US\" dir=\"ltr\" data-wpcf7-id=\"9528\">\n<div class=\"screen-reader-response\"><p role=\"status\" aria-live=\"polite\" aria-atomic=\"true\"><\/p> <ul><\/ul><\/div>\n<form action=\"\/en\/wp-json\/wp\/v2\/pages\/9502#wpcf7-f9528-o1\" method=\"post\" class=\"wpcf7-form init\" aria-label=\"Contact form\" novalidate=\"novalidate\" data-status=\"init\">\n<fieldset class=\"hidden-fields-container\"><input type=\"hidden\" name=\"_wpcf7\" value=\"9528\" \/><input type=\"hidden\" name=\"_wpcf7_version\" value=\"6.1.5\" \/><input type=\"hidden\" name=\"_wpcf7_locale\" value=\"en_US\" \/><input type=\"hidden\" name=\"_wpcf7_unit_tag\" value=\"wpcf7-f9528-o1\" \/><input type=\"hidden\" name=\"_wpcf7_container_post\" value=\"0\" \/><input type=\"hidden\" name=\"_wpcf7_posted_data_hash\" value=\"\" \/><input type=\"hidden\" name=\"_wpcf7_recaptcha_response\" value=\"\" \/>\n<\/fieldset>\n<p><label> Name<br \/>\n<span class=\"wpcf7-form-control-wrap\" data-name=\"your-name\"><input size=\"40\" maxlength=\"400\" class=\"wpcf7-form-control wpcf7-text wpcf7-validates-as-required\" aria-required=\"true\" aria-invalid=\"false\" value=\"\" type=\"text\" name=\"your-name\" \/><\/span> <\/label>\n<\/p>\n<p><label> First name<br \/>\n<span class=\"wpcf7-form-control-wrap\" data-name=\"your-firstname\"><input size=\"40\" maxlength=\"400\" class=\"wpcf7-form-control wpcf7-text\" aria-invalid=\"false\" value=\"\" type=\"text\" name=\"your-firstname\" \/><\/span> <\/label>\n<\/p>\n<p><label> Company<br \/>\n<span class=\"wpcf7-form-control-wrap\" data-name=\"your-company\"><input size=\"40\" maxlength=\"400\" class=\"wpcf7-form-control wpcf7-text\" aria-invalid=\"false\" value=\"\" type=\"text\" name=\"your-company\" \/><\/span> <\/label>\n<\/p>\n<p><label> Phone<br \/>\n<span class=\"wpcf7-form-control-wrap\" data-name=\"your-tel\"><input size=\"40\" maxlength=\"400\" class=\"wpcf7-form-control wpcf7-tel wpcf7-validates-as-required wpcf7-text wpcf7-validates-as-tel\" aria-required=\"true\" aria-invalid=\"false\" value=\"\" type=\"tel\" name=\"your-tel\" \/><\/span> <\/label>\n<\/p>\n<p><label> E-mail<br \/>\n<span class=\"wpcf7-form-control-wrap\" data-name=\"your-email\"><input size=\"40\" maxlength=\"400\" class=\"wpcf7-form-control wpcf7-email wpcf7-validates-as-required wpcf7-text wpcf7-validates-as-email\" aria-required=\"true\" aria-invalid=\"false\" value=\"\" type=\"email\" name=\"your-email\" \/><\/span> <\/label>\n<\/p>\n<p><label> You are<br \/>\n<span class=\"wpcf7-form-control-wrap\" data-name=\"you-are\"><select class=\"wpcf7-form-control wpcf7-select\" aria-invalid=\"false\" name=\"you-are\"><option value=\"Doctor\">Doctor<\/option><option value=\"Nurse\">Nurse<\/option><option value=\"Journalist\">Journalist<\/option><option value=\"Investor\">Investor<\/option><option value=\"Industrial\">Industrial<\/option><option value=\"Other\">Other<\/option><\/select><\/span> <\/label>\n<\/p>\n<p><label> Your message<br \/>\n<span class=\"wpcf7-form-control-wrap\" data-name=\"your-message\"><textarea cols=\"40\" rows=\"10\" maxlength=\"2000\" class=\"wpcf7-form-control wpcf7-textarea\" aria-invalid=\"false\" name=\"your-message\"><\/textarea><\/span> <\/label>\n<\/p>\n<p><input class=\"wpcf7-form-control wpcf7-submit has-spinner\" type=\"submit\" value=\"Submit\" \/>\n<\/p><div class=\"wpcf7-response-output\" aria-hidden=\"true\"><\/div>\n<\/form>\n<\/div>\n<\/div>\t\t\t\t<\/div>\n\t\t\t\t<\/div>\n\t\t\t\t\t<\/div>\n\t\t<\/div>\n\t\t\t\t<div class=\"elementor-column elementor-col-50 elementor-top-column elementor-element elementor-element-69f0783\" data-id=\"69f0783\" data-element_type=\"column\" data-e-type=\"column\" data-settings=\"{&quot;background_background&quot;:&quot;classic&quot;}\">\n\t\t\t<div class=\"elementor-widget-wrap elementor-element-populated\">\n\t\t\t\t\t\t<div class=\"elementor-element elementor-element-7a38ad8 elementor-widget elementor-widget-google_maps\" data-id=\"7a38ad8\" data-element_type=\"widget\" data-e-type=\"widget\" data-widget_type=\"google_maps.default\">\n\t\t\t\t<div class=\"elementor-widget-container\">\n\t\t\t\t\t\t\t<div class=\"elementor-custom-embed\">\n\t\t\t<iframe loading=\"lazy\"\n\t\t\t\t\tsrc=\"https:\/\/maps.google.com\/maps?q=177%20boulevard%20de%20l%27Yser%2C%2076000%20Rouen&#038;t=m&#038;z=15&#038;output=embed&#038;iwloc=near\"\n\t\t\t\t\ttitle=\"177 boulevard de l&#039;Yser, 76000 Rouen\"\n\t\t\t\t\taria-label=\"177 boulevard de l&#039;Yser, 76000 Rouen\"\n\t\t\t><\/iframe>\n\t\t<\/div>\n\t\t\t\t\t\t<\/div>\n\t\t\t\t<\/div>\n\t\t\t\t\t<\/div>\n\t\t<\/div>\n\t\t\t\t\t<\/div>\n\t\t<\/section>\n\t\t\t\t<\/div>\n\t\t","protected":false},"excerpt":{"rendered":"<p>Contact us ! Phone 06 46 24 40 49 Email contact@aurora-sterilisation.com Address 177, boulevard de l&#8217;Yser 76000 Rouen Aurora answers your questions. Leave us a message! It will only take you a few minutes to complete this form. Nom Pr\u00e9nom Soci\u00e9t\u00e9 T\u00e9l\u00e9phone E-mail Vous \u00eates M\u00e9decinInfirmi\u00e8r(e)JournalisteInvestisseurIndustrielAutre Votre message<\/p>\n","protected":false},"author":1,"featured_media":0,"parent":0,"menu_order":0,"comment_status":"closed","ping_status":"closed","template":"elementor_header_footer","meta":{"footnotes":""},"class_list":["post-9502","page","type-page","status-publish","hentry","no-thumb"],"yoast_head":"<!-- This site is optimized with the Yoast SEO plugin v27.3 - https:\/\/yoast.com\/product\/yoast-seo-wordpress\/ -->\n<title>Contact AURORA | Cold plasma sterilization<\/title>\n<meta name=\"description\" content=\"Aurora answers all your questions. Contact Aurora, the expert company in cold sterilization, located in Rouen and Reims.\" \/>\n<meta name=\"robots\" content=\"index, follow, max-snippet:-1, max-image-preview:large, max-video-preview:-1\" \/>\n<link rel=\"canonical\" href=\"https:\/\/www.aurora-sterilisation.com\/en\/contact\/\" \/>\n<meta property=\"og:locale\" content=\"en_US\" \/>\n<meta property=\"og:type\" content=\"article\" \/>\n<meta property=\"og:title\" content=\"Contact AURORA | Cold plasma sterilization\" \/>\n<meta property=\"og:description\" content=\"Aurora answers all your questions. Contact Aurora, the expert company in cold sterilization, located in Rouen and Reims.\" \/>\n<meta property=\"og:url\" content=\"https:\/\/www.aurora-sterilisation.com\/en\/contact\/\" \/>\n<meta property=\"og:site_name\" content=\"AURORA | Cold Plasma Sterilisation\" \/>\n<meta property=\"article:publisher\" content=\"https:\/\/www.facebook.com\/Aurorasterilisation\/\" \/>\n<meta property=\"article:modified_time\" content=\"2022-07-27T12:01:10+00:00\" \/>\n<meta property=\"og:image\" content=\"https:\/\/www.aurora-sterilisation.com\/wp-content\/uploads\/2017\/11\/contacts-icon-1.png\" \/>\n<meta name=\"twitter:card\" content=\"summary_large_image\" \/>\n<script type=\"application\/ld+json\" class=\"yoast-schema-graph\">{\"@context\":\"https:\\\/\\\/schema.org\",\"@graph\":[{\"@type\":\"WebPage\",\"@id\":\"https:\\\/\\\/www.aurora-sterilisation.com\\\/en\\\/contact\\\/\",\"url\":\"https:\\\/\\\/www.aurora-sterilisation.com\\\/en\\\/contact\\\/\",\"name\":\"Contact AURORA | Cold plasma sterilization\",\"isPartOf\":{\"@id\":\"https:\\\/\\\/www.aurora-sterilisation.com\\\/en\\\/#website\"},\"primaryImageOfPage\":{\"@id\":\"https:\\\/\\\/www.aurora-sterilisation.com\\\/en\\\/contact\\\/#primaryimage\"},\"image\":{\"@id\":\"https:\\\/\\\/www.aurora-sterilisation.com\\\/en\\\/contact\\\/#primaryimage\"},\"thumbnailUrl\":\"https:\\\/\\\/www.aurora-sterilisation.com\\\/wp-content\\\/uploads\\\/2017\\\/11\\\/contacts-icon-1.png\",\"datePublished\":\"2022-05-16T07:49:56+00:00\",\"dateModified\":\"2022-07-27T12:01:10+00:00\",\"description\":\"Aurora answers all your questions. Contact Aurora, the expert company in cold sterilization, located in Rouen and Reims.\",\"breadcrumb\":{\"@id\":\"https:\\\/\\\/www.aurora-sterilisation.com\\\/en\\\/contact\\\/#breadcrumb\"},\"inLanguage\":\"en-US\",\"potentialAction\":[{\"@type\":\"ReadAction\",\"target\":[\"https:\\\/\\\/www.aurora-sterilisation.com\\\/en\\\/contact\\\/\"]}]},{\"@type\":\"ImageObject\",\"inLanguage\":\"en-US\",\"@id\":\"https:\\\/\\\/www.aurora-sterilisation.com\\\/en\\\/contact\\\/#primaryimage\",\"url\":\"https:\\\/\\\/www.aurora-sterilisation.com\\\/wp-content\\\/uploads\\\/2017\\\/11\\\/contacts-icon-1.png\",\"contentUrl\":\"https:\\\/\\\/www.aurora-sterilisation.com\\\/wp-content\\\/uploads\\\/2017\\\/11\\\/contacts-icon-1.png\"},{\"@type\":\"BreadcrumbList\",\"@id\":\"https:\\\/\\\/www.aurora-sterilisation.com\\\/en\\\/contact\\\/#breadcrumb\",\"itemListElement\":[{\"@type\":\"ListItem\",\"position\":1,\"name\":\"Accueil\",\"item\":\"https:\\\/\\\/www.aurora-sterilisation.com\\\/en\\\/home\\\/\"},{\"@type\":\"ListItem\",\"position\":2,\"name\":\"Contact\"}]},{\"@type\":\"WebSite\",\"@id\":\"https:\\\/\\\/www.aurora-sterilisation.com\\\/en\\\/#website\",\"url\":\"https:\\\/\\\/www.aurora-sterilisation.com\\\/en\\\/\",\"name\":\"AURORA | Cold Plasma Sterilisation\",\"description\":\"Cold Plasma Sterilisation\",\"publisher\":{\"@id\":\"https:\\\/\\\/www.aurora-sterilisation.com\\\/en\\\/#organization\"},\"potentialAction\":[{\"@type\":\"SearchAction\",\"target\":{\"@type\":\"EntryPoint\",\"urlTemplate\":\"https:\\\/\\\/www.aurora-sterilisation.com\\\/en\\\/?s={search_term_string}\"},\"query-input\":{\"@type\":\"PropertyValueSpecification\",\"valueRequired\":true,\"valueName\":\"search_term_string\"}}],\"inLanguage\":\"en-US\"},{\"@type\":\"Organization\",\"@id\":\"https:\\\/\\\/www.aurora-sterilisation.com\\\/en\\\/#organization\",\"name\":\"Aurora\",\"url\":\"https:\\\/\\\/www.aurora-sterilisation.com\\\/en\\\/\",\"logo\":{\"@type\":\"ImageObject\",\"inLanguage\":\"en-US\",\"@id\":\"https:\\\/\\\/www.aurora-sterilisation.com\\\/en\\\/#\\\/schema\\\/logo\\\/image\\\/\",\"url\":\"https:\\\/\\\/www.aurora-sterilisation.com\\\/wp-content\\\/uploads\\\/2022\\\/04\\\/logo-aurora-1.png\",\"contentUrl\":\"https:\\\/\\\/www.aurora-sterilisation.com\\\/wp-content\\\/uploads\\\/2022\\\/04\\\/logo-aurora-1.png\",\"width\":400,\"height\":106,\"caption\":\"Aurora\"},\"image\":{\"@id\":\"https:\\\/\\\/www.aurora-sterilisation.com\\\/en\\\/#\\\/schema\\\/logo\\\/image\\\/\"},\"sameAs\":[\"https:\\\/\\\/www.facebook.com\\\/Aurorasterilisation\\\/\",\"https:\\\/\\\/fr.linkedin.com\\\/company\\\/aurora-cold-plasma-sterilisation?original_referer=httpswww.aurora-sterilisation.com\",\"https:\\\/\\\/www.instagram.com\\\/auroraplasma\\\/\"]}]}<\/script>\n<!-- \/ Yoast SEO plugin. -->","yoast_head_json":{"title":"Contact AURORA | Cold plasma sterilization","description":"Aurora answers all your questions. Contact Aurora, the expert company in cold sterilization, located in Rouen and Reims.","robots":{"index":"index","follow":"follow","max-snippet":"max-snippet:-1","max-image-preview":"max-image-preview:large","max-video-preview":"max-video-preview:-1"},"canonical":"https:\/\/www.aurora-sterilisation.com\/en\/contact\/","og_locale":"en_US","og_type":"article","og_title":"Contact AURORA | Cold plasma sterilization","og_description":"Aurora answers all your questions. Contact Aurora, the expert company in cold sterilization, located in Rouen and Reims.","og_url":"https:\/\/www.aurora-sterilisation.com\/en\/contact\/","og_site_name":"AURORA | Cold Plasma Sterilisation","article_publisher":"https:\/\/www.facebook.com\/Aurorasterilisation\/","article_modified_time":"2022-07-27T12:01:10+00:00","og_image":[{"url":"https:\/\/www.aurora-sterilisation.com\/wp-content\/uploads\/2017\/11\/contacts-icon-1.png","type":"","width":"","height":""}],"twitter_card":"summary_large_image","schema":{"@context":"https:\/\/schema.org","@graph":[{"@type":"WebPage","@id":"https:\/\/www.aurora-sterilisation.com\/en\/contact\/","url":"https:\/\/www.aurora-sterilisation.com\/en\/contact\/","name":"Contact AURORA | Cold plasma sterilization","isPartOf":{"@id":"https:\/\/www.aurora-sterilisation.com\/en\/#website"},"primaryImageOfPage":{"@id":"https:\/\/www.aurora-sterilisation.com\/en\/contact\/#primaryimage"},"image":{"@id":"https:\/\/www.aurora-sterilisation.com\/en\/contact\/#primaryimage"},"thumbnailUrl":"https:\/\/www.aurora-sterilisation.com\/wp-content\/uploads\/2017\/11\/contacts-icon-1.png","datePublished":"2022-05-16T07:49:56+00:00","dateModified":"2022-07-27T12:01:10+00:00","description":"Aurora answers all your questions. Contact Aurora, the expert company in cold sterilization, located in Rouen and Reims.","breadcrumb":{"@id":"https:\/\/www.aurora-sterilisation.com\/en\/contact\/#breadcrumb"},"inLanguage":"en-US","potentialAction":[{"@type":"ReadAction","target":["https:\/\/www.aurora-sterilisation.com\/en\/contact\/"]}]},{"@type":"ImageObject","inLanguage":"en-US","@id":"https:\/\/www.aurora-sterilisation.com\/en\/contact\/#primaryimage","url":"https:\/\/www.aurora-sterilisation.com\/wp-content\/uploads\/2017\/11\/contacts-icon-1.png","contentUrl":"https:\/\/www.aurora-sterilisation.com\/wp-content\/uploads\/2017\/11\/contacts-icon-1.png"},{"@type":"BreadcrumbList","@id":"https:\/\/www.aurora-sterilisation.com\/en\/contact\/#breadcrumb","itemListElement":[{"@type":"ListItem","position":1,"name":"Accueil","item":"https:\/\/www.aurora-sterilisation.com\/en\/home\/"},{"@type":"ListItem","position":2,"name":"Contact"}]},{"@type":"WebSite","@id":"https:\/\/www.aurora-sterilisation.com\/en\/#website","url":"https:\/\/www.aurora-sterilisation.com\/en\/","name":"AURORA | Cold Plasma Sterilisation","description":"Cold Plasma Sterilisation","publisher":{"@id":"https:\/\/www.aurora-sterilisation.com\/en\/#organization"},"potentialAction":[{"@type":"SearchAction","target":{"@type":"EntryPoint","urlTemplate":"https:\/\/www.aurora-sterilisation.com\/en\/?s={search_term_string}"},"query-input":{"@type":"PropertyValueSpecification","valueRequired":true,"valueName":"search_term_string"}}],"inLanguage":"en-US"},{"@type":"Organization","@id":"https:\/\/www.aurora-sterilisation.com\/en\/#organization","name":"Aurora","url":"https:\/\/www.aurora-sterilisation.com\/en\/","logo":{"@type":"ImageObject","inLanguage":"en-US","@id":"https:\/\/www.aurora-sterilisation.com\/en\/#\/schema\/logo\/image\/","url":"https:\/\/www.aurora-sterilisation.com\/wp-content\/uploads\/2022\/04\/logo-aurora-1.png","contentUrl":"https:\/\/www.aurora-sterilisation.com\/wp-content\/uploads\/2022\/04\/logo-aurora-1.png","width":400,"height":106,"caption":"Aurora"},"image":{"@id":"https:\/\/www.aurora-sterilisation.com\/en\/#\/schema\/logo\/image\/"},"sameAs":["https:\/\/www.facebook.com\/Aurorasterilisation\/","https:\/\/fr.linkedin.com\/company\/aurora-cold-plasma-sterilisation?original_referer=httpswww.aurora-sterilisation.com","https:\/\/www.instagram.com\/auroraplasma\/"]}]}},"_links":{"self":[{"href":"https:\/\/www.aurora-sterilisation.com\/en\/wp-json\/wp\/v2\/pages\/9502","targetHints":{"allow":["GET"]}}],"collection":[{"href":"https:\/\/www.aurora-sterilisation.com\/en\/wp-json\/wp\/v2\/pages"}],"about":[{"href":"https:\/\/www.aurora-sterilisation.com\/en\/wp-json\/wp\/v2\/types\/page"}],"author":[{"embeddable":true,"href":"https:\/\/www.aurora-sterilisation.com\/en\/wp-json\/wp\/v2\/users\/1"}],"replies":[{"embeddable":true,"href":"https:\/\/www.aurora-sterilisation.com\/en\/wp-json\/wp\/v2\/comments?post=9502"}],"version-history":[{"count":0,"href":"https:\/\/www.aurora-sterilisation.com\/en\/wp-json\/wp\/v2\/pages\/9502\/revisions"}],"wp:attachment":[{"href":"https:\/\/www.aurora-sterilisation.com\/en\/wp-json\/wp\/v2\/media?parent=9502"}],"curies":[{"name":"wp","href":"https:\/\/api.w.org\/{rel}","templated":true}]}}